{"id":116,"date":"2025-10-31T18:10:39","date_gmt":"2025-10-31T21:10:39","guid":{"rendered":"https:\/\/www.procyp.unam.edu.ar\/?page_id=116"},"modified":"2026-01-06T14:39:07","modified_gmt":"2026-01-06T17:39:07","slug":"historico","status":"publish","type":"page","link":"https:\/\/www.procyp.unam.edu.ar\/index.php\/historico\/","title":{"rendered":"Hist\u00f3rico"},"content":{"rendered":"\n<p class=\"texto-justificado\" style=\"font-size:clamp(15.197px, 0.95rem + ((1vw - 3.2px) * 0.691), 23px);\">Si bien las actividades en torno al tema se iniciaron en los primeros a\u00f1os de la d\u00e9cada del 70 con la creaci\u00f3n de un laboratorio especializado, reci\u00e9n a partir de 1978 se cont\u00f3 con el plantel de cargos con dedicaci\u00f3n exclusiva necesarios para la iniciaci\u00f3n de un Programa de Investigaci\u00f3n.<\/p>\n\n\n\n<div class=\"wp-block-columns is-layout-flex wp-container-core-columns-is-layout-28f84493 wp-block-columns-is-layout-flex\">\n<div class=\"wp-block-column is-layout-flow wp-block-column-is-layout-flow\" style=\"flex-basis:100%\">\n<div class=\"wp-block-superb-addons-cover-image\"><div class=\"superbaddons-coverimage-block\" style=\"border-radius:0%;min-height:400px;background-image:url(https:\/\/www.procyp.unam.edu.ar\/wp-content\/uploads\/2025\/11\/PROCYP-IMAM.jpg);background-position:50% 50%;background-size:cover;background-repeat:no-repeat\"><\/div><\/div>\n<\/div>\n<\/div>\n\n\n\n<p class=\"texto-justificado\" style=\"font-size:clamp(15.197px, 0.95rem + ((1vw - 3.2px) * 0.691), 23px);\"><br>En esos primeros tiempos las actividades se desarrollaban en un pasillo modificado como laboratorio, situado en la Planta Piloto de la Facultad, y se trabajaba en una mesada hecha por los alumnos y el personal de Mantenimiento. Cuentan sus primeros integrantes que la Planta Piloto serv\u00eda como dep\u00f3sito de la Universidad, y que en ella, entre otras cosas se guardaban los colectivos.<\/p>\n\n\n\n<p class=\"texto-justificado\" style=\"font-size:clamp(15.197px, 0.95rem + ((1vw - 3.2px) * 0.691), 23px);\"><br>Con el correr del tiempo se fueron integrando nuevas dependencias. En 1980 se organiz\u00f3 un sector como Planta Piloto con los equipos existentes, adquiriendo otros con los recursos obtenidos por medio del aporte t\u00e9cnico de talleres de la zona y la ayuda de la empresa estatal de la provincia Papel Misionero. Los primeros equipos importados se adquirieron mediante diferentes subsidios, otorgados por la Secretar\u00eda de Ciencia y Tecnolog\u00eda de la Naci\u00f3n, a proyectos de investigaci\u00f3n del PROCYP.<\/p>\n\n\n\n<p class=\"texto-justificado\" style=\"font-size:clamp(15.197px, 0.95rem + ((1vw - 3.2px) * 0.691), 23px);\"><br>En 1985 se dividi\u00f3 el laboratorio original en sectores, nombr\u00e1ndose encargados y t\u00e9cnicos en cada uno de ellos. Para ese entonces fue inevitable la consecuci\u00f3n de un espacio f\u00edsico para gabinetes y biblioteca, dado que se contaba con unos diez miembros y una colecci\u00f3n de revistas especializadas en constante crecimiento, muchas de las cuales fueron conseguidas por medio de donaciones.<\/p>\n","protected":false},"excerpt":{"rendered":"<p>Si bien las actividades en torno al tema se iniciaron en los primeros a\u00f1os de la d\u00e9cada del 70 con la creaci\u00f3n de un laboratorio especializado, reci\u00e9n a partir de 1978 se cont\u00f3 con el plantel de cargos con dedicaci\u00f3n exclusiva necesarios para la iniciaci\u00f3n de un Programa de Investigaci\u00f3n. En esos primeros tiempos las &hellip; <\/p>\n<p class=\"link-more\"><a href=\"https:\/\/www.procyp.unam.edu.ar\/index.php\/historico\/\" class=\"more-link\">Leer m\u00e1s<span class=\"screen-reader-text\"> &#8220;Hist\u00f3rico&#8221;<\/span><\/a><\/p>\n","protected":false},"author":2,"featured_media":0,"parent":0,"menu_order":0,"comment_status":"closed","ping_status":"closed","template":"","meta":{"footnotes":""},"class_list":["post-116","page","type-page","status-publish","hentry"],"featured_media_urls":[],"_links":{"self":[{"href":"https:\/\/www.procyp.unam.edu.ar\/index.php\/wp-json\/wp\/v2\/pages\/116","targetHints":{"allow":["GET"]}}],"collection":[{"href":"https:\/\/www.procyp.unam.edu.ar\/index.php\/wp-json\/wp\/v2\/pages"}],"about":[{"href":"https:\/\/www.procyp.unam.edu.ar\/index.php\/wp-json\/wp\/v2\/types\/page"}],"author":[{"embeddable":true,"href":"https:\/\/www.procyp.unam.edu.ar\/index.php\/wp-json\/wp\/v2\/users\/2"}],"replies":[{"embeddable":true,"href":"https:\/\/www.procyp.unam.edu.ar\/index.php\/wp-json\/wp\/v2\/comments?post=116"}],"version-history":[{"count":5,"href":"https:\/\/www.procyp.unam.edu.ar\/index.php\/wp-json\/wp\/v2\/pages\/116\/revisions"}],"predecessor-version":[{"id":728,"href":"https:\/\/www.procyp.unam.edu.ar\/index.php\/wp-json\/wp\/v2\/pages\/116\/revisions\/728"}],"wp:attachment":[{"href":"https:\/\/www.procyp.unam.edu.ar\/index.php\/wp-json\/wp\/v2\/media?parent=116"}],"curies":[{"name":"wp","href":"https:\/\/api.w.org\/{rel}","templated":true}]}}