{"id":119,"date":"2025-10-31T18:17:12","date_gmt":"2025-10-31T21:17:12","guid":{"rendered":"https:\/\/www.procyp.unam.edu.ar\/?page_id=119"},"modified":"2025-12-18T17:20:19","modified_gmt":"2025-12-18T20:20:19","slug":"las-personas","status":"publish","type":"page","link":"https:\/\/www.procyp.unam.edu.ar\/index.php\/las-personas\/","title":{"rendered":"Las personas"},"content":{"rendered":"\n<style>\n.wp-block-table.tabla-equipo table{\n  width:100%;\n  table-layout:fixed;\n}\n\n.wp-block-table.tabla-equipo td.col-texto{\n  width:80%;\n  vertical-align:top;\n  text-align:justify;\n}\n\n.wp-block-table.tabla-equipo td.col-foto{\n  width:20%;\n  vertical-align:middle;\n  text-align:center;\n}\n\n\/* \ud83d\udd3d im\u00e1genes al 65% (reducci\u00f3n 35%) *\/\n.wp-block-table.tabla-equipo td.col-foto img{\n  display:block;\n  margin:0 auto;\n  max-width:65%;\n  height:auto;\n}\n<\/style>\n\n<figure class=\"wp-block-table tabla-equipo\">\n  <table class=\"has-fixed-layout\">\n    <tbody>\n\n      <tr>\n        <td class=\"col-texto\"><strong>Mar\u00eda Cristina Area<\/strong> Investigadora Principal CONICET. Profesora Titular Cat. I UNaM. Ingeniera Qu\u00edmica de la Universidad Nacional de La Plata. Master en Ciencias Aplicadas de Pulpa y Papel y un Doctorado en Ingenier\u00eda Papelera (PhD) de la Universit\u00e9 du Qu\u00e9bec \u00e0 TroisRivi\u00e8res, Qu\u00e9bec, Canad\u00e1. Directora del Instituto de Materiales de Misiones (Universidad Nacional de Misiones &#8211; CONICET). Directora del Programa de Celulosa y Papel. Dicta asignaturas de su especialidad. Temas de inter\u00e9s: Bioeconom\u00eda. Biorrefiner\u00edas (bioproductos, biomateriales y biocombustibles). Tecnolog\u00eda qu\u00edmica de los materiales fibrosos. Tecnolog\u00edas limpias de fabricaci\u00f3n de pulpa y papel.<\/td>\n        <td class=\"col-foto\"><img loading=\"lazy\" decoding=\"async\" src=\"https:\/\/www.procyp.unam.edu.ar\/wp-content\/uploads\/2025\/12\/imagen_2025-12-02_233443883.png\" width=\"184\" height=\"210\" alt=\"\"><\/td>\n      <\/tr>\n\n      <tr>\n        <td class=\"col-texto\"><strong>Graciela Beatriz Gavazzo<\/strong> Docente-Investigadora Cat II UNaM. Ingeniera Qu\u00edmica, UNaM. Master en Ciencias Aplicadas de Pulpa y Papel (M.Sc.A.) y Doctora en Ingenier\u00eda Papelera (PhD) de la Universit\u00e9 du Qu\u00e9bec \u00e0 Trois-Rivi\u00e8res, Qu\u00e9bec, Canad\u00e1. Directora de la Maestr\u00eda en Gesti\u00f3n Ambiental y miembro del Consejos Acad\u00e9mico de la Maestr\u00eda en Ciencia y Tecnolog\u00eda de los Materiales Fibrosos de la Facultad de Ciencias Exactas, Qu\u00edmicas y Naturales de la UNAM. Profesora Adjunta, dicta asignaturas y cursos relacionados con el papel y la gesti\u00f3n de residuos. Temas de inter\u00e9s: Reciclado de productos fibrosos, fabricaci\u00f3n de papel y pulpa moldeada y residuos s\u00f3lidos.<\/td>\n        <td class=\"col-foto\"><img loading=\"lazy\" decoding=\"async\" src=\"https:\/\/www.procyp.unam.edu.ar\/wp-content\/uploads\/2025\/12\/imagen_2025-12-02_233738523.png\" width=\"186\" height=\"226\" alt=\"\"><br><\/td>\n      <\/tr>\n\n      <tr>\n        <td class=\"col-texto\"><strong>Fernando Esteban Felissia<\/strong> Docente-Investigador Cat II UNaM. Qu\u00edmico Industrial de la Universidad Nacional de C\u00f3rdoba. Ingeniero Qu\u00edmico de la UNaM, Magister en Madera, Celulosa y Papel de la UNaM y Doctor en Ciencias T\u00e9cnicas de la Universidad Central de Las Villas, Cuba. Profesor Adjunto con dedicaci\u00f3n exclusiva en la FCEQYN, UNAM. Dicta cursos de posgrado en la Maestr\u00eda en Ciencia y Tecnolog\u00eda de Materiales Fibrosos y en el Doctorado en Ciencias Aplicadas de la FCEQYN, UNaM y es profesor en la Tecnicatura Universitaria en Celulosa y Papel y en la Orientaci\u00f3n en Celulosa y Papel de Ingenier\u00eda Qu\u00edmica de dicha facultad. Es co-director del \u00c1rea de Vinculaci\u00f3n Tecnol\u00f3gica y Servicios a Terceros y encargado de los Laboratorios del PROCYP. Temas de inter\u00e9s: Biorrefiner\u00edas (bioproductos, biomateriales y biocombustibles). Fabricaci\u00f3n de pulpa y papel.<\/td>\n        <td class=\"col-foto\"><img loading=\"lazy\" decoding=\"async\" src=\"https:\/\/www.procyp.unam.edu.ar\/wp-content\/uploads\/2025\/12\/imagen_2025-12-03_012807435.png\" width=\"204\" height=\"226\" alt=\"\"><br><\/td>\n      <\/tr>\n\n      <tr>\n        <td class=\"col-texto\"><strong>Mar\u00eda Evangelina Vallejos<\/strong> Investigadora Independiente CONICET. Docente UNaM. Ingeniera Qu\u00edmica de la UNaM; Mag\u00edster en Madera, Celulosa y Papel de la UNaM; Mag\u00edster en Direcci\u00f3n T\u00e9cnica de Empresas y Doctora en Ciencia y Tecnolog\u00eda de Materiales Celul\u00f3sicos en la Ingenier\u00eda de Productos Papeleros, de la Escuela Polit\u00e9cnica Superior de la Universidad de Girona, Catalu\u00f1a, Espa\u00f1a. Realiz\u00f3 una estancia postdoctoral en el Department of Wood and Paper Science, North Carolina State University, Raleigh \u2013 EEUU y un postdoctorado en el Departamento de F\u00edsico Qu\u00edmica de la Universidad del Instituto de Qu\u00edmica de S\u00e3o Carlos, S\u00e3o Paulo (USP), Brasil. Docente de la UNaM en asignaturas de su especialidad. <a><\/a>Temas de inter\u00e9s: Bioeconom\u00eda. Materiales compuestos en base a pol\u00edmeros reforzados con fibras lignocelul\u00f3sicas. Materiales lignocelul\u00f3sicos. Valorizaci\u00f3n de residuos forestales y agroindustriales. Conversi\u00f3n a bioproductos, biomateriales y biocombustibles.<\/td>\n        <td class=\"col-foto\"><img loading=\"lazy\" decoding=\"async\" src=\"https:\/\/www.procyp.unam.edu.ar\/wp-content\/uploads\/2025\/12\/imagen_2025-12-03_013756647.png\" width=\"192\" height=\"242\" alt=\"\"><br><\/td>\n      <\/tr>\n\n      <tr>\n        <td class=\"col-texto\"><strong>Claudio Ariel Pavlik<\/strong> Ingeniero Qu\u00edmico, FCEQYN, UNaM. Estudiante de la Maestr\u00eda en Materiales Fibrosos. Docente Investigador Categor\u00eda IV (CONEAU). Director, Coordinador Acad\u00e9mico y Docente en la Tecnicatura universitaria en Celulosa y Papel, docente en la Orientaci\u00f3n en Celulosa y Papel (carrera de Ingenier\u00eda Qu\u00edmica); y en la C\u00e1tedra de F\u00edsica de Ingenier\u00eda Qu\u00edmica, Ingenier\u00eda en Alimentos y la Licenciatura de An\u00e1lisis Qu\u00edmicos y Bromatol\u00f3gicos de la FCEQyN. Temas de inter\u00e9s: Reciclado del papel y otros materiales fibrosos, y la fabricaci\u00f3n de productos de pulpa moldeada.<\/td>\n        <td class=\"col-foto\"><img loading=\"lazy\" decoding=\"async\" src=\"https:\/\/www.procyp.unam.edu.ar\/wp-content\/uploads\/2025\/10\/claudio.png\" width=\"182\" height=\"242\" alt=\"\"><br><\/td>\n      <\/tr>\n\n      <tr>\n        <td class=\"col-texto\"><strong>Laura Covinich<\/strong> Ingeniera Qu\u00edmica y Doctora en Ciencia de Materiales, UNMDP Investigadora Asistente CONICET. Tema de ingreso a la CIC (2021): Nanografeno a partir de lignina como catalizadores para la obtenci\u00f3n de hidroximetil furfural y \u00e1cido levul\u00ednico Tema beca posdoctoral: Producci\u00f3n de \u00e1cidos carbox\u00edlicos integrada a la biorrefiner\u00eda agroindustrial del bagazo de ca\u00f1a de az\u00facar Tema de tesis doctoral: Reducci\u00f3n de la carga org\u00e1nica recalcitrante presente en efluentes del procesamiento qu\u00edmico de la biomasa forestal Temas de inter\u00e9s: Grafeno biobasado, Nanolignina, \u00c1cido Levul\u00ednico<\/td>\n        <td class=\"col-foto\"><img loading=\"lazy\" decoding=\"async\" src=\"https:\/\/www.procyp.unam.edu.ar\/wp-content\/uploads\/2025\/10\/lauracovinich.png\" width=\"194\" height=\"264\" alt=\"\"><\/td>\n      <\/tr>\n\n      <tr>\n        <td class=\"col-texto\"><strong>Nanci Ehman<\/strong> Ingeniera Qu\u00edmica y Doctora en Ciencias Aplicadas, FCEQYN, UNaM Investigadora Asistente CONICET. Tema de ingreso a la CIC (2022): Papel laminado con recubrimientos biobasados a partir de micro\/nano lignocelulosa para contenedores l\u00edquidos biodegradables de un solo uso Tema beca posdoctoral: Biopl\u00e1sticos de PHAs y nanocelulosa para impresi\u00f3n 3D de estructuras m\u00e9dicas. Tema de tesis doctoral: Nanocelulosa a partir de residuos agro y forestoindustriales Temas de inter\u00e9s: Pulpa y papel. Nanocelulosa. Pulpa soluble. Biocompuestos a base de celulosa.<\/td>\n        <td class=\"col-foto\"><img loading=\"lazy\" decoding=\"async\" src=\"https:\/\/www.procyp.unam.edu.ar\/wp-content\/uploads\/2025\/11\/nancy.png\" width=\"194\" height=\"264\" alt=\"\"><\/td>\n      <\/tr>\n\n      <tr>\n        <td class=\"col-texto\"><strong>Nicol\u00e1s Clauser<\/strong> Ingeniero Industrial y Doctor en Ciencias Aplicadas, FCEQYN, UNaM Investigador Asistente CONICET. Profesor Adjunto FIO-UNaM. Tema de ingreso a la CIC (2023): Factibilidad y sustentabilidad de la implementaci\u00f3n a escala industrial de biorrefiner\u00edas integradas a industrias papeleras regionales. Tema beca posdoctoral: Estudio t\u00e9cnico-econ\u00f3mico, de sensibilidad y ambiental de biorrefiner\u00edas de residuos agroforestales de la regi\u00f3n NEA. Tema de tesis doctoral: Estudio t\u00e9cnico-econ\u00f3mico de la biorrefiner\u00eda de los residuos de industrializaci\u00f3n primaria de la madera y agroindustriales Temas de inter\u00e9s: Bioeconom\u00eda. Sustentabilidad. Innovaci\u00f3n. Tecnolog\u00edas digitales. An\u00e1lisis tecno econ\u00f3micos, ciclo de vida, huella de carbono.<\/td>\n        <td class=\"col-foto\"><img loading=\"lazy\" decoding=\"async\" src=\"https:\/\/www.procyp.unam.edu.ar\/wp-content\/uploads\/2025\/11\/nicolas.png\" width=\"192\" height=\"226\" alt=\"\"><\/td>\n      <\/tr>\n\n      <tr>\n        <td class=\"col-texto\"><strong>Julia Kruyeniski<\/strong> Ingeniera Qu\u00edmica y Doctora en Ciencias Aplicadas, FCEQYN, UNaM Investigadora Asistente CONICET. Profesora adjunta FCEQyN, UNaM. Tema de ingreso a la CIC (2023): Optimizaci\u00f3n y cambio de escala del proceso de obtenci\u00f3n de bioetanol a partir de aserr\u00edn de pino. Tema de tesis doctoral: Influencia del pretratamiento de residuos forestoindustriales sobre la producci\u00f3n de bioetanol. Temas de inter\u00e9s: Hidr\u00f3lisis enzim\u00e1tica y fermentaci\u00f3n. Bioetanol. Escalado.<\/td>\n        <td class=\"col-foto\"><img loading=\"lazy\" decoding=\"async\" src=\"https:\/\/www.procyp.unam.edu.ar\/wp-content\/uploads\/2025\/12\/imagen_2025-12-03_134321185.png\" width=\"190\" height=\"226\" alt=\"\"><\/td>\n      <\/tr>\n\n      <tr>\n        <td class=\"col-texto\"><strong>Lucila Curi<\/strong> Licenciada en Ciencias Biol\u00f3gicas y Doctor en Biolog\u00eda de la Universidad Nacional del Nordeste en Qu\u00edmica, UNNE Investigadora Asistente CONICET. Tema de ingreso a la CIC (2023): Evaluaci\u00f3n de la biodegradabilidad y toxicidad de biopol\u00edmeros y aditivos nanoestructurados derivados de residuos lignocelul\u00f3sicos. Temas de inter\u00e9s: Valorizaci\u00f3n de residuos foresto-industriales. An\u00e1lisis de biodegradabilidad y toxicidad.<\/td>\n        <td class=\"col-foto\"><img loading=\"lazy\" decoding=\"async\" src=\"https:\/\/www.procyp.unam.edu.ar\/wp-content\/uploads\/2025\/12\/Lucila.jpg\" width=\"162\" height=\"112\" alt=\"\"><\/td>\n      <\/tr>\n\n      <tr>\n        <td class=\"col-texto\"><strong>Julieta Benitez<\/strong> Ingeniera Qu\u00edmica y Doctora en Ciencias Aplicadas, FCEQYN, UNaM Docente-Investigadora UNaM. Tema beca posdoctoral: Extractivos antimicrobianos de <em>Moringa ole\u00edfera<\/em> para su aplicaci\u00f3n en films activos de celulosa microfibrilada destinado a embalaje alimentario primario. Tema de tesis doctoral: Biorrefiner\u00eda de recursos lignocelul\u00f3sicos no tradicionales: <em>Moringa ole\u00edfera.<\/em> Temas de inter\u00e9s: Uso integral de la Moringa ole\u00edfera. Ensayos f\u00edsicos de pulpas, papeles y cartones.<\/td>\n        <td class=\"col-foto\"><img loading=\"lazy\" decoding=\"async\" src=\"https:\/\/www.procyp.unam.edu.ar\/wp-content\/uploads\/2025\/12\/imagen_2025-12-03_133127910.png\" width=\"186\" height=\"204\" alt=\"\"><\/td>\n      <\/tr>\n\n      <tr>\n        <td class=\"col-texto\"><strong>Eliana Fern\u00e1ndez Sosa<\/strong> Bioqu\u00edmica y Doctora de la Universidad Nacional del Nordeste en Qu\u00edmica, UNNE Tema beca posdoctoral: Valorizaci\u00f3n de corteza para la producci\u00f3n de adhesivos de madera en la biorrefiner\u00eda forestal. Temas de inter\u00e9s: Valorizaci\u00f3n de corteza. Extracci\u00f3n de taninos condensados. Adhesivos a partir de taninos.<\/td>\n        <td class=\"col-foto\"><img loading=\"lazy\" decoding=\"async\" src=\"https:\/\/www.procyp.unam.edu.ar\/wp-content\/uploads\/2025\/12\/imagen_2025-12-03_140619854.png\" width=\"166\" height=\"196\" alt=\"\"><\/td>\n      <\/tr>\n\n      <tr>\n        <td class=\"col-texto\"><strong>Carolina Mendieta<\/strong> Ingeniera Qu\u00edmica y Doctora en Ciencias Aplicadas, FCEQYN, UNaM. Tema de tesis doctoral: Obtenci\u00f3n de etileno a partir de aserr\u00edn de pino. Tema beca posdoctoral: Producci\u00f3n de alcoholes superiores a partir de aserr\u00edn. Temas de inter\u00e9s: Bioetanol, bioetileno, alcoholes superiores.<\/td>\n        <td class=\"col-foto\"><img loading=\"lazy\" decoding=\"async\" src=\"https:\/\/www.procyp.unam.edu.ar\/wp-content\/uploads\/2025\/12\/imagen_2025-12-03_140805637.png\" width=\"144\" height=\"188\" alt=\"\"><\/td>\n      <\/tr>\n\n      <tr>\n        <td class=\"col-texto\"><strong>Roc\u00edo Cardozo<\/strong> Ingeniera Industrial y Doctora en Ciencias Aplicadas, FCEQYN, UNaM. <a><\/a> Docente-Investigadora UNaM. Tema de tesis doctoral: An\u00e1lisis de riesgo y sensibilidad de biorrefiner\u00eda de residuos de industrializaci\u00f3n primaria de pino en la regi\u00f3n NEA. Temas de inter\u00e9s: Dise\u00f1o de Procesos. Estudios tecno-econ\u00f3micos. An\u00e1lisis de sensibilidad. Incertidumbres.<\/td>\n        <td class=\"col-foto\"><img loading=\"lazy\" decoding=\"async\" src=\"https:\/\/www.procyp.unam.edu.ar\/wp-content\/uploads\/2025\/12\/imagen_2025-12-03_141104193.png\" width=\"150\" height=\"196\" alt=\"\"><\/td>\n      <\/tr>\n\n      <tr>\n        <td class=\"col-texto\"><strong>Viviana Romero<\/strong> Bioqu\u00edmica y estudiante doctoral. Tema de tesis doctoral: Producci\u00f3n de \u00e1cidos org\u00e1nicos en la biorrefiner\u00eda forestal integrada a la producci\u00f3n energ\u00e9tica. Temas de inter\u00e9s: Fermentaci\u00f3n. Bioproductos: \u00c1cido l\u00e1ctico y ac\u00e9tico a partir de hemicelulosas.<\/td>\n        <td class=\"col-foto\"><img loading=\"lazy\" decoding=\"async\" src=\"https:\/\/www.procyp.unam.edu.ar\/wp-content\/uploads\/2025\/12\/imagen_2025-12-03_141329762.png\" width=\"186\" height=\"188\" alt=\"\"><\/td>\n      <\/tr>\n\n      <tr>\n        <td class=\"col-texto\"><strong>Cintia Gabriela Fit<\/strong> Ingeniera Industrial y estudiante doctoral. Tema de tesis doctoral: Estudio de cambio de escala de procesos en biorrefiner\u00edas de residuos forestoindustriales de la regi\u00f3n NEA, Argentina. Temas de inter\u00e9s: Valorizaci\u00f3n de residuos forestales y agroindustriales. An\u00e1lisis tecno econ\u00f3micos<\/td>\n        <td class=\"col-foto\"><img loading=\"lazy\" decoding=\"async\" src=\"https:\/\/www.procyp.unam.edu.ar\/wp-content\/uploads\/2025\/12\/imagen_2025-12-03_144318959.png\" width=\"198\" height=\"188\" alt=\"\"><\/td>\n      <\/tr>\n\n      <tr>\n        <td class=\"col-texto\"><strong>Johana Rivaldi<\/strong> Ingeniera Industrial y estudiante doctoral. Tema de tesis doctoral: Potenciales productos a partir de residuos foresto y agroindustriales del NEA en una plataforma de biorrefiner\u00eda. Temas de inter\u00e9s: Valorizaci\u00f3n de residuos forestales y agroindustriales. Bioproductos potenciales: dise\u00f1o y desarrollo. An\u00e1lisis multicriterio. Selecci\u00f3n de productos promisorios.<\/td>\n        <td class=\"col-foto\"><img loading=\"lazy\" decoding=\"async\" src=\"https:\/\/www.procyp.unam.edu.ar\/wp-content\/uploads\/2025\/12\/imagen_2025-12-03_144814712.png\" width=\"188\" height=\"188\" alt=\"\"><\/td>\n      <\/tr>\n\n      <tr>\n        <td class=\"col-texto\"><strong>Agustina Ponce de Le\u00f3n<\/strong> Ingeniera Qu\u00edmica y estudiante doctoral. Tema de tesis doctoral: Nanocelulosa hidrof\u00f3bica a partir de residuos forestoindustriales para la producci\u00f3n de aditivos de la industria celul\u00f3sico papelera. Temas de inter\u00e9s: Nanocelulosa funcionalizada. Recubrimientos para envases de papel.<\/td>\n        <td class=\"col-foto\"><img loading=\"lazy\" decoding=\"async\" src=\"https:\/\/www.procyp.unam.edu.ar\/wp-content\/uploads\/2025\/12\/imagen_2025-12-05_014632153.png\" width=\"162\" height=\"188\" alt=\"\"><\/td>\n      <\/tr>\n\n      <tr>\n        <td class=\"col-texto\"><strong>Evelyn Gl\u00fccksberg<\/strong> Ingeniera en Industrias de la Madera y estudiante doctoral Tema de tesis doctoral: Recubrimiento basado en microemulsiones de celulosa microfibrilada para envase alimentario activo. Temas de inter\u00e9s: Recubrimientos para envases alimentarios. Nanocelulosa.<\/td>\n        <td class=\"col-foto\"><img loading=\"lazy\" decoding=\"async\" src=\"https:\/\/www.procyp.unam.edu.ar\/wp-content\/uploads\/2025\/12\/imagen_2025-12-05_015143534.png\" width=\"164\" height=\"188\" alt=\"\"><\/td>\n      <\/tr>\n\n      <tr>\n        <td class=\"col-texto\"><strong>Cristian Ariste<\/strong> Ingeniero Qu\u00edmico y estudiante doctoral. Tema de tesis doctoral: Uso de 5-hidroximetilfurfural y nanocelulosa en bioadhesivos para madera. Temas de inter\u00e9s: Biorrefiner\u00eda, valorizaci\u00f3n de residuos lignocelul\u00f3sicos. Producci\u00f3n y uso de 5-Hidroximetilfurfural. Desarrollo de bioadhesivos.<\/td>\n        <td class=\"col-foto\"><img loading=\"lazy\" decoding=\"async\" src=\"https:\/\/www.procyp.unam.edu.ar\/wp-content\/uploads\/2025\/12\/imagen_2025-12-05_015400213.png\" width=\"150\" height=\"188\" alt=\"\"><\/td>\n      <\/tr>\n\n      <tr>\n        <td class=\"col-texto\"><strong>Goretty Boada<\/strong> Ingeniera forestal y estudiante doctoral. Tema de tesis doctoral: Obtenci\u00f3n de nanolignina en una biorrefiner\u00eda forestal Temas de inter\u00e9s: Biorrefiner\u00eda, Nanotecnolog\u00eda, Nanopart\u00edculas de lignina, Materiales nanoestructurados.<\/td>\n        <td class=\"col-foto\"><img loading=\"lazy\" decoding=\"async\" src=\"https:\/\/www.procyp.unam.edu.ar\/wp-content\/uploads\/2025\/12\/imagen_2025-12-05_015610418.png\" width=\"130\" height=\"188\" alt=\"\"><\/td>\n      <\/tr>\n\n      <tr>\n        <td class=\"col-texto\"><strong>Israel Quintero<\/strong> Ingeniero forestal y estudiante doctoral. Tema de tesis doctoral: Optimizaci\u00f3n de formulaciones para impresi\u00f3n 3D de piezas de envases alimentarios utilizando pulpas de biorrefiner\u00eda y biopl\u00e1sticos biodegradables. Temas de inter\u00e9s: Biocompuestos, celulosa, filamentos, impresi\u00f3n 3D, biodegradaci\u00f3n.<\/td>\n        <td class=\"col-foto\"><img loading=\"lazy\" decoding=\"async\" src=\"https:\/\/www.procyp.unam.edu.ar\/wp-content\/uploads\/2025\/12\/imagen_2025-12-05_015749959.png\" width=\"132\" height=\"188\" alt=\"\"><\/td>\n      <\/tr>\n\n    <\/tbody>\n  <\/table>\n<\/figure>\n\n\n\n<p><\/p>\n","protected":false},"excerpt":{"rendered":"<p>Mar\u00eda Cristina Area Investigadora Principal CONICET. Profesora Titular Cat. I UNaM. Ingeniera Qu\u00edmica de la Universidad Nacional de La Plata. Master en Ciencias Aplicadas de Pulpa y Papel y un Doctorado en Ingenier\u00eda Papelera (PhD) de la Universit\u00e9 du Qu\u00e9bec \u00e0 TroisRivi\u00e8res, Qu\u00e9bec, Canad\u00e1. Directora del Instituto de Materiales de Misiones (Universidad Nacional de Misiones &hellip; <\/p>\n<p class=\"link-more\"><a href=\"https:\/\/www.procyp.unam.edu.ar\/index.php\/las-personas\/\" class=\"more-link\">Leer m\u00e1s<span class=\"screen-reader-text\"> &#8220;Las personas&#8221;<\/span><\/a><\/p>\n","protected":false},"author":2,"featured_media":0,"parent":0,"menu_order":0,"comment_status":"closed","ping_status":"closed","template":"","meta":{"footnotes":""},"class_list":["post-119","page","type-page","status-publish","hentry"],"featured_media_urls":[],"_links":{"self":[{"href":"https:\/\/www.procyp.unam.edu.ar\/index.php\/wp-json\/wp\/v2\/pages\/119","targetHints":{"allow":["GET"]}}],"collection":[{"href":"https:\/\/www.procyp.unam.edu.ar\/index.php\/wp-json\/wp\/v2\/pages"}],"about":[{"href":"https:\/\/www.procyp.unam.edu.ar\/index.php\/wp-json\/wp\/v2\/types\/page"}],"author":[{"embeddable":true,"href":"https:\/\/www.procyp.unam.edu.ar\/index.php\/wp-json\/wp\/v2\/users\/2"}],"replies":[{"embeddable":true,"href":"https:\/\/www.procyp.unam.edu.ar\/index.php\/wp-json\/wp\/v2\/comments?post=119"}],"version-history":[{"count":48,"href":"https:\/\/www.procyp.unam.edu.ar\/index.php\/wp-json\/wp\/v2\/pages\/119\/revisions"}],"predecessor-version":[{"id":607,"href":"https:\/\/www.procyp.unam.edu.ar\/index.php\/wp-json\/wp\/v2\/pages\/119\/revisions\/607"}],"wp:attachment":[{"href":"https:\/\/www.procyp.unam.edu.ar\/index.php\/wp-json\/wp\/v2\/media?parent=119"}],"curies":[{"name":"wp","href":"https:\/\/api.w.org\/{rel}","templated":true}]}}