{"id":177,"date":"2025-10-31T23:44:55","date_gmt":"2025-11-01T02:44:55","guid":{"rendered":"https:\/\/www.procyp.unam.edu.ar\/?page_id=177"},"modified":"2025-12-02T23:39:24","modified_gmt":"2025-12-03T02:39:24","slug":"maria-cristina-area","status":"publish","type":"page","link":"https:\/\/www.procyp.unam.edu.ar\/index.php\/maria-cristina-area\/","title":{"rendered":"Maria Cristina AREA"},"content":{"rendered":"\n<div class=\"wp-block-media-text is-stacked-on-mobile\" style=\"grid-template-columns:21% auto\"><figure class=\"wp-block-media-text__media\"><img loading=\"lazy\" decoding=\"async\" width=\"143\" height=\"164\" src=\"https:\/\/www.procyp.unam.edu.ar\/wp-content\/uploads\/2025\/12\/imagen_2025-12-02_233443883.png\" alt=\"\" class=\"wp-image-342 size-full\"\/><\/figure><div class=\"wp-block-media-text__content\">\n<div class=\"wp-block-group texto-justificado has-global-padding is-layout-constrained wp-block-group-is-layout-constrained\">\n<p class=\"texto-justificado\" style=\"font-size:clamp(15.197px, 0.95rem + ((1vw - 3.2px) * 0.691), 23px);\">Investigadora Principal CONICET. Profesora Titular Cat. I UNaM.<\/p>\n\n\n\n<p style=\"font-size:clamp(15.197px, 0.95rem + ((1vw - 3.2px) * 0.691), 23px);\">Ingeniera Qu\u00edmica de la Universidad Nacional de La Plata. Master en Ciencias Aplicadas de Pulpa y Papel y un Doctorado en Ingenier\u00eda Papelera (PhD) de la Universit\u00e9 du Qu\u00e9bec \u00e0 TroisRivi\u00e8res, Qu\u00e9bec, Canad\u00e1.<\/p>\n\n\n\n<p style=\"font-size:clamp(15.197px, 0.95rem + ((1vw - 3.2px) * 0.691), 23px);\">Directora del Instituto de Materiales de Misiones (Universidad Nacional de Misiones &#8211; CONICET). Directora del Programa de Celulosa y Papel.<\/p>\n\n\n\n<p class=\"texto-justificado\" style=\"font-size:clamp(15.197px, 0.95rem + ((1vw - 3.2px) * 0.691), 23px);\">Dicta asignaturas de su especialidad. Temas de inter\u00e9s: Bioeconom\u00eda. Biorrefiner\u00edas (bioproductos, biomateriales y biocombustibles). Tecnolog\u00eda qu\u00edmica de los materiales fibrosos. Tecnolog\u00edas limpias de fabricaci\u00f3n de pulpa y papel.<\/p>\n<\/div>\n<\/div><\/div>\n\n\n\n<p style=\"font-size:clamp(15.197px, 0.95rem + ((1vw - 3.2px) * 0.691), 23px);\"><\/p>\n","protected":false},"excerpt":{"rendered":"","protected":false},"author":2,"featured_media":0,"parent":0,"menu_order":0,"comment_status":"closed","ping_status":"closed","template":"","meta":{"footnotes":""},"class_list":["post-177","page","type-page","status-publish","hentry"],"featured_media_urls":[],"_links":{"self":[{"href":"https:\/\/www.procyp.unam.edu.ar\/index.php\/wp-json\/wp\/v2\/pages\/177","targetHints":{"allow":["GET"]}}],"collection":[{"href":"https:\/\/www.procyp.unam.edu.ar\/index.php\/wp-json\/wp\/v2\/pages"}],"about":[{"href":"https:\/\/www.procyp.unam.edu.ar\/index.php\/wp-json\/wp\/v2\/types\/page"}],"author":[{"embeddable":true,"href":"https:\/\/www.procyp.unam.edu.ar\/index.php\/wp-json\/wp\/v2\/users\/2"}],"replies":[{"embeddable":true,"href":"https:\/\/www.procyp.unam.edu.ar\/index.php\/wp-json\/wp\/v2\/comments?post=177"}],"version-history":[{"count":11,"href":"https:\/\/www.procyp.unam.edu.ar\/index.php\/wp-json\/wp\/v2\/pages\/177\/revisions"}],"predecessor-version":[{"id":350,"href":"https:\/\/www.procyp.unam.edu.ar\/index.php\/wp-json\/wp\/v2\/pages\/177\/revisions\/350"}],"wp:attachment":[{"href":"https:\/\/www.procyp.unam.edu.ar\/index.php\/wp-json\/wp\/v2\/media?parent=177"}],"curies":[{"name":"wp","href":"https:\/\/api.w.org\/{rel}","templated":true}]}}