{"id":198,"date":"2025-11-01T00:02:42","date_gmt":"2025-11-01T03:02:42","guid":{"rendered":"https:\/\/www.procyp.unam.edu.ar\/?page_id=198"},"modified":"2025-12-03T13:39:03","modified_gmt":"2025-12-03T16:39:03","slug":"laura-gabriela-covinich","status":"publish","type":"page","link":"https:\/\/www.procyp.unam.edu.ar\/index.php\/laura-gabriela-covinich\/","title":{"rendered":"Laura Gabriela Covinich"},"content":{"rendered":"\n<div class=\"wp-block-media-text is-stacked-on-mobile\" style=\"grid-template-columns:19% auto\"><figure class=\"wp-block-media-text__media\"><img loading=\"lazy\" decoding=\"async\" width=\"250\" height=\"339\" src=\"https:\/\/www.procyp.unam.edu.ar\/wp-content\/uploads\/2025\/10\/lauracovinich.png\" alt=\"\" class=\"wp-image-199 size-full\"\/><\/figure><div class=\"wp-block-media-text__content\">\n<div class=\"wp-block-group texto-justificado has-global-padding is-layout-constrained wp-block-group-is-layout-constrained\" style=\"font-size:clamp(15.197px, 0.95rem + ((1vw - 3.2px) * 0.691), 23px);\">\n<p class=\"texto-justificado\" style=\"font-size:clamp(15.197px, 0.95rem + ((1vw - 3.2px) * 0.691), 23px);\">Ingeniera Qu\u00edmica y Doctora en Ciencia de Materiales, UNMDP<\/p>\n\n\n\n<p>Investigadora Asistente CONICET.<\/p>\n\n\n\n<p>Tema de ingreso a la CIC (2021): Nanografeno a partir de lignina como catalizadores para la obtenci\u00f3n de hidroximetil furfural y \u00e1cido levul\u00ednico<\/p>\n\n\n\n<p>Tema beca posdoctoral: Producci\u00f3n de \u00e1cidos carbox\u00edlicos integrada a la biorrefiner\u00eda agroindustrial del bagazo de ca\u00f1a de az\u00facar<\/p>\n\n\n\n<p class=\"texto-justificado\" style=\"font-size:clamp(15.197px, 0.95rem + ((1vw - 3.2px) * 0.691), 23px);\">Tema de tesis doctoral: Reducci\u00f3n de la carga org\u00e1nica recalcitrante presente en efluentes del procesamiento qu\u00edmico de la biomasa forestal Temas de inter\u00e9s: Grafeno biobasado, Nanolignina, \u00c1cido Levul\u00ednico<\/p>\n<\/div>\n<\/div><\/div>\n\n\n\n<p><\/p>\n","protected":false},"excerpt":{"rendered":"","protected":false},"author":2,"featured_media":0,"parent":0,"menu_order":0,"comment_status":"closed","ping_status":"closed","template":"","meta":{"footnotes":""},"class_list":["post-198","page","type-page","status-publish","hentry"],"featured_media_urls":[],"_links":{"self":[{"href":"https:\/\/www.procyp.unam.edu.ar\/index.php\/wp-json\/wp\/v2\/pages\/198","targetHints":{"allow":["GET"]}}],"collection":[{"href":"https:\/\/www.procyp.unam.edu.ar\/index.php\/wp-json\/wp\/v2\/pages"}],"about":[{"href":"https:\/\/www.procyp.unam.edu.ar\/index.php\/wp-json\/wp\/v2\/types\/page"}],"author":[{"embeddable":true,"href":"https:\/\/www.procyp.unam.edu.ar\/index.php\/wp-json\/wp\/v2\/users\/2"}],"replies":[{"embeddable":true,"href":"https:\/\/www.procyp.unam.edu.ar\/index.php\/wp-json\/wp\/v2\/comments?post=198"}],"version-history":[{"count":4,"href":"https:\/\/www.procyp.unam.edu.ar\/index.php\/wp-json\/wp\/v2\/pages\/198\/revisions"}],"predecessor-version":[{"id":365,"href":"https:\/\/www.procyp.unam.edu.ar\/index.php\/wp-json\/wp\/v2\/pages\/198\/revisions\/365"}],"wp:attachment":[{"href":"https:\/\/www.procyp.unam.edu.ar\/index.php\/wp-json\/wp\/v2\/media?parent=198"}],"curies":[{"name":"wp","href":"https:\/\/api.w.org\/{rel}","templated":true}]}}