{"id":451,"date":"2025-12-10T14:34:50","date_gmt":"2025-12-10T17:34:50","guid":{"rendered":"https:\/\/www.procyp.unam.edu.ar\/?page_id=451"},"modified":"2025-12-19T09:50:56","modified_gmt":"2025-12-19T12:50:56","slug":"investigacion-2","status":"publish","type":"page","link":"https:\/\/www.procyp.unam.edu.ar\/index.php\/investigacion-2\/","title":{"rendered":"Investigaci\u00f3n"},"content":{"rendered":"\n<div class=\"wp-block-group texto-justificado has-global-padding is-layout-constrained wp-block-group-is-layout-constrained\" style=\"font-size:clamp(15.197px, 0.95rem + ((1vw - 3.2px) * 0.691), 23px);\">\n<p style=\"font-size:clamp(16.834px, 1.052rem + ((1vw - 3.2px) * 0.811), 26px);\"><strong>Cooperaci\u00f3n internacional<\/strong><\/p>\n\n\n\n<p>El PROCYP ha participado y coordinado proyectos y redes de organismos internacionales (Redes CYTED RIADICYP, RIARED, RICACOR, NANOCELIA, Programas de cooperaci\u00f3n SECYT- CAPES, SPU-CAPES, CONICET-CAPES, SECYT-GRICES, MINCYT-BMBF Proyectos CYTED y Eranet-Lac), interactuando con m\u00e1s de 20 pa\u00edses de Am\u00e9rica y Europa.<\/p>\n\n\n\n<iframe loading=\"lazy\" width=\"560\" height=\"315\" src=\"https:\/\/www.youtube.com\/embed\/kcr6LPFI38k?si=DsSyQTomRn1QMiH_\" title=\"YouTube video player\" frameborder=\"0\" allow=\"accelerometer; autoplay; clipboard-write; encrypted-media; gyroscope; picture-in-picture; web-share\" referrerpolicy=\"strict-origin-when-cross-origin\" allowfullscreen><\/iframe>\n\n\n\n<p style=\"font-size:clamp(16.834px, 1.052rem + ((1vw - 3.2px) * 0.811), 26px);\"><strong>L\u00edneas de investigaci\u00f3n<\/strong><\/p>\n\n\n\n<p>Biorrefiner\u00edas<\/p>\n\n\n\n<p>El objetivo general es valorizar los residuos lignocelul\u00f3sicos de origen agroindustrial y forestoindustrial mediante la obtenci\u00f3n de bioproductos, biomateriales y biocombustibles, entre otros. Los objetivos espec\u00edficos incluyen: (i) separar y purificar los distintos componentes de la biomasa presentes en las corrientes de fraccionamiento; (ii) optimizar los procesos para la producci\u00f3n de productos de alto valor agregado a partir de dichos componentes; y (iii) evaluar su integraci\u00f3n potencial y sus impactos ambientales mediante an\u00e1lisis t\u00e9cnico-econ\u00f3mico y de ciclo de vida (ACV).<\/p>\n\n\n\n<figure class=\"wp-block-image aligncenter size-full is-resized\"><img loading=\"lazy\" decoding=\"async\" width=\"1371\" height=\"945\" src=\"https:\/\/www.procyp.unam.edu.ar\/wp-content\/uploads\/2025\/12\/proyectoBiorrefineria.jpeg\" alt=\"\" class=\"wp-image-646\" style=\"aspect-ratio:1.4508085235000756;width:963px;height:auto\"\/><\/figure>\n\n\n\n<p>Productos de pulpa moldeada<\/p>\n\n\n\n<p>El proyecto busca desarrollar materiales fibrosos a partir de residuos agroindustriales, que puedan ser mezclados con pulpas papeleras recicladas para la elaboraci\u00f3n de productos moldeados (pulpa moldeada), manteniendo en valores \u00f3ptimos sus propiedades f\u00edsicas, con o sin el agregado de aditivos. Como objetivos espec\u00edficos se incluye (i) obtener y evaluar materiales fibrosos de residuos agroindustriales de Misiones (Ej. Ca\u00f1a del tabaco), que, siguiendo un dise\u00f1o de mezclas, se agregar\u00e1n a pulpas papeleras recicladas, para elaborar productos de pulpa moldeada (ii) caracterizar f\u00edsica y qu\u00edmicamente los materiales fibrosos desarrollados, (iii) optimizar la proporci\u00f3n de cada uno de los componentes en las mezclas (iv) Evaluar las propiedades f\u00edsicas de los moldes obtenidos.<\/p>\n\n\n\n<figure class=\"wp-block-video video-reducido\"><video height=\"624\" style=\"aspect-ratio: 464 \/ 624;\" width=\"464\" controls src=\"https:\/\/www.procyp.unam.edu.ar\/wp-content\/uploads\/2025\/12\/productoDePulpaMoldeada.mp4\"><\/video><\/figure>\n\n\n\n<p style=\"font-size:clamp(16.834px, 1.052rem + ((1vw - 3.2px) * 0.811), 26px);\"><strong>Proyectos interinstitucionales<\/strong><\/p>\n\n\n\n<p>Centro Interinstitucional Regional Biorrefiner\u00edas del Norte Argentino (BioNA).<\/p>\n\n\n\n<p>Formado por el Consejo Nacional de Investigaciones Cient\u00edficas y T\u00e9cnicas (CONICET), la Universidad Nacional de Misiones (UNaM), la Universidad Nacional de Tucum\u00e1n (UNT) y el Instituto Nacional de Tecnolog\u00eda Industrial (INTI). Los Institutos de CONICET involucrados son el Instituto de Materiales de Misiones (IMAM, UNaM-CONICET), la Planta Piloto de Procesos Industriales Microbiol\u00f3gicos (PROIMI, UNT-CONICET) y el Instituto de Tecnolog\u00eda Agroindustrial del Noroeste Argentino (ITANOA, EEAOC-CONICET). Tambi\u00e9n participan los Gobiernos provinciales de Misiones y Tucum\u00e1n, mediante diferentes acuerdos. Cuenta con dos Sedes operativas: NEA en la provincia de Misiones y NOA en la provincia de Tucum\u00e1n.<\/p>\n\n\n\n<figure class=\"wp-block-image aligncenter size-full is-resized\"><img loading=\"lazy\" decoding=\"async\" width=\"1570\" height=\"967\" src=\"https:\/\/www.procyp.unam.edu.ar\/wp-content\/uploads\/2025\/12\/Biona.jpeg\" alt=\"\" class=\"wp-image-637\" style=\"aspect-ratio:1.623609995349034;width:990px;height:auto\"\/><\/figure>\n\n\n\n<p>El proyecto involucra la instalaci\u00f3n de la Planta Piloto de Biorrefiner\u00edas del NEA, que se enmarca en un amplio proyecto institucional de Biorrefiner\u00edas que se viene desarrollando en el PROCYP desde hace m\u00e1s de una d\u00e9cada. Tiene como objetivo el desarrollo y la optimizaci\u00f3n de procesos para la producci\u00f3n de biocombustibles, bioproductos y biomateriales a partir de residuos agro y forestoindustriales de la regi\u00f3n, junto con el desarrollo de tecnolog\u00eda (equipos y\/o componentes espec\u00edficos), como una etapa intermedia entre las investigaciones I+D+i desarrolladas en laboratorio y la escala industrial integrada a las cadenas de valor actuales de estas industrias. Esto permitir\u00e1 potenciar el desarrollo industrial de la regi\u00f3n, permitiendo la diversificaci\u00f3n y el aumento en la rentabilidad de la industria regional y generando fuentes de trabajo y mejoras en las econom\u00edas regionales.<\/p>\n\n\n\n<p>El Programa posee un background de I+D de a\u00f1os de trabajo en laboratorio en el tema y se encuentra en capacidad de instalar un sistema a mayor escala para realizar el dise\u00f1o y la optimizaci\u00f3n de procesos y propiedades de los productos y materiales obtenidos, buscando metodolog\u00edas m\u00e1s eficientes y sustentables de fabricaci\u00f3n.<\/p>\n\n\n\n<p>Centro Experimental de Econom\u00eda Circular Disruptiva (CEECD)<\/p>\n\n\n\n<p>El CEECD desarrollar\u00e1 sistemas que vinculan la econom\u00eda del conocimiento con la econom\u00eda circular de manera disruptiva a trav\u00e9s de tecnolog\u00edas de vanguardia. El centro est\u00e1 orientado a valorizar y tecnologizar, a trav\u00e9s de diversas cadenas de valor, los residuos generados en la ciudad de Posadas mediante su reutilizaci\u00f3n como materia prima para la producci\u00f3n de nuevos materiales. Esto permitir\u00e1 el acceso a tecnolog\u00edas para complementar el desarrollo de las \u00e1reas y unidades del CEECD. De esta manera se podr\u00e1 iniciar las tareas de transferencia en ese espacio de trabajo mediante la realizaci\u00f3n de capacitaciones te\u00f3ricas y pr\u00e1cticas, de visitas a campo con alumnos de instituciones acad\u00e9micas, y de pasant\u00edas.<\/p>\n\n\n\n<figure class=\"wp-block-image aligncenter size-full\"><img loading=\"lazy\" decoding=\"async\" width=\"1046\" height=\"458\" src=\"https:\/\/www.procyp.unam.edu.ar\/wp-content\/uploads\/2025\/12\/CentroExperimentalEconomiaCircular.jpeg\" alt=\"\" class=\"wp-image-642\"\/><\/figure>\n\n\n\n<p>El objetivo del CEECD es investigar, innovar, transferir y desarrollar procesos socio-tecnol\u00f3gicos que favorezcan el modelo circular disruptivo, y sus objetivos particulares son: Capacitar a emprendedores sociales, operarios municipales y de empresas, cooperativistas y alumnos de escuelas t\u00e9cnicas; Caracterizar materiales recuperados y procesarlos para obtener nuevos materiales; Dise\u00f1ar eco-productos y certificarlos (INTI, universidades, otros); Dise\u00f1ar e implementar estrategias de gesti\u00f3n de residuos.<\/p>\n\n\n\n<p>Participan, la Municipalidad de la ciudad de Posadas, el Instituto de Materiales de Misiones (CONICET-UNaM), la Fundaci\u00f3n Banco de Residuos del Litoral Argentino, y el Centro Experimental de Producci\u00f3n Arquitecturas Tecnol\u00f3gicas Apropiadas a la Emergencia (UBA). Se busca instalar un modelo de desarrollo productivo local inclusivo capaz de reproducirse, ampliarse y replicarse en otras localidades de la Provincia de Misiones y otras regiones del pa\u00eds.<\/p>\n\n\n\n<p><\/p>\n<\/div>\n","protected":false},"excerpt":{"rendered":"<p>Cooperaci\u00f3n internacional El PROCYP ha participado y coordinado proyectos y redes de organismos internacionales (Redes CYTED RIADICYP, RIARED, RICACOR, NANOCELIA, Programas de cooperaci\u00f3n SECYT- CAPES, SPU-CAPES, CONICET-CAPES, SECYT-GRICES, MINCYT-BMBF Proyectos CYTED y Eranet-Lac), interactuando con m\u00e1s de 20 pa\u00edses de Am\u00e9rica y Europa. L\u00edneas de investigaci\u00f3n Biorrefiner\u00edas El objetivo general es valorizar los residuos lignocelul\u00f3sicos &hellip; <\/p>\n<p class=\"link-more\"><a href=\"https:\/\/www.procyp.unam.edu.ar\/index.php\/investigacion-2\/\" class=\"more-link\">Leer m\u00e1s<span class=\"screen-reader-text\"> &#8220;Investigaci\u00f3n&#8221;<\/span><\/a><\/p>\n","protected":false},"author":2,"featured_media":0,"parent":0,"menu_order":0,"comment_status":"closed","ping_status":"closed","template":"","meta":{"footnotes":""},"class_list":["post-451","page","type-page","status-publish","hentry"],"featured_media_urls":[],"_links":{"self":[{"href":"https:\/\/www.procyp.unam.edu.ar\/index.php\/wp-json\/wp\/v2\/pages\/451","targetHints":{"allow":["GET"]}}],"collection":[{"href":"https:\/\/www.procyp.unam.edu.ar\/index.php\/wp-json\/wp\/v2\/pages"}],"about":[{"href":"https:\/\/www.procyp.unam.edu.ar\/index.php\/wp-json\/wp\/v2\/types\/page"}],"author":[{"embeddable":true,"href":"https:\/\/www.procyp.unam.edu.ar\/index.php\/wp-json\/wp\/v2\/users\/2"}],"replies":[{"embeddable":true,"href":"https:\/\/www.procyp.unam.edu.ar\/index.php\/wp-json\/wp\/v2\/comments?post=451"}],"version-history":[{"count":12,"href":"https:\/\/www.procyp.unam.edu.ar\/index.php\/wp-json\/wp\/v2\/pages\/451\/revisions"}],"predecessor-version":[{"id":647,"href":"https:\/\/www.procyp.unam.edu.ar\/index.php\/wp-json\/wp\/v2\/pages\/451\/revisions\/647"}],"wp:attachment":[{"href":"https:\/\/www.procyp.unam.edu.ar\/index.php\/wp-json\/wp\/v2\/media?parent=451"}],"curies":[{"name":"wp","href":"https:\/\/api.w.org\/{rel}","templated":true}]}}