{"id":456,"date":"2025-12-10T14:41:51","date_gmt":"2025-12-10T17:41:51","guid":{"rendered":"https:\/\/www.procyp.unam.edu.ar\/?page_id=456"},"modified":"2025-12-29T06:43:14","modified_gmt":"2025-12-29T09:43:14","slug":"vinculacion-tecnologica","status":"publish","type":"page","link":"https:\/\/www.procyp.unam.edu.ar\/index.php\/vinculacion-tecnologica\/","title":{"rendered":"Vinculaci\u00f3n tecnol\u00f3gica"},"content":{"rendered":"\n<div class=\"wp-block-group texto-justificado has-global-padding is-layout-constrained wp-block-group-is-layout-constrained\" style=\"font-size:clamp(15.197px, 0.95rem + ((1vw - 3.2px) * 0.691), 23px);\">\n<p>El PROCYP es referente a nivel nacional en diferentes temas relativos a los materiales lignocelul\u00f3sicos. Realiza apoyo a entidades y empresas de todo el pa\u00eds, incluyendo trabajos de desarrollo, servicios t\u00e9cnicos y capacitaci\u00f3n.<\/p>\n\n\n\n<p>En la \u00faltima d\u00e9cada, el PROCYP prest\u00f3 servicios principalmente a la industria papelera, forestal y qu\u00edmica. Los trabajos abarcaron desde ensayos de procesos de pulpado y blanqueo, hasta la evaluaci\u00f3n de aditivos, la caracterizaci\u00f3n de materias primas, productos y residuos, y el monitoreo ambiental asociado a efluentes y r\u00edos.<\/p>\n\n\n\n<figure class=\"wp-block-image aligncenter size-full is-resized\"><img loading=\"lazy\" decoding=\"async\" width=\"1280\" height=\"720\" src=\"https:\/\/www.procyp.unam.edu.ar\/wp-content\/uploads\/2025\/12\/VinculacionTecnologica.png\" alt=\"\" class=\"wp-image-689\" style=\"width:777px;height:auto\"\/><\/figure>\n\n\n\n<p><strong>Servicios realizados por el PROCYP como Servicios T\u00e9cnicos de Alto Nivel (STAN), \u00faltimos 10 a\u00f1os<\/strong><\/p>\n\n\n\n<p><strong>1. Empresas\/Organizaciones atendidas<\/strong><\/p>\n\n\n\n<p>Industria papelera y forestal:<\/p>\n\n\n\n<p>Papel Misionero, Arauco Argentina, Ledesma, Envasando, Papel Prensa, Uni\u00f3nPel, Acon Timber, Agroforestal Ober\u00e1, Valerio Oliva Forestal, APSA.<\/p>\n\n\n\n<p>Sector qu\u00edmico y de aditivos:<\/p>\n\n\n\n<p>VaInn S.R.L., Propel S.A.C.I., MisioPharma, MG Agro, Y-TEC, UNITAN<\/p>\n\n\n\n<p>Sector agroindustrial y alimentos:<\/p>\n\n\n\n<p>INTA (Concordia, otros), INYM, S. Surkan, Terragene, Probien.<\/p>\n\n\n\n<p>Otros clientes:<\/p>\n\n\n\n<p>PEIU (estudios ambientales en el r\u00edo Paran\u00e1), ITPN\/Foresti, Alberto Venica (Consultor).<\/p>\n\n\n\n<p><strong>2. Principales tipos de servicios realizados<\/strong><\/p>\n\n\n\n<p>a) Procesos de pulpeo y blanqueo<\/p>\n\n\n\n<p>Ensayos de pulpado kraft, soda-AQ y mec\u00e1nico con especies de pino, eucaliptus, paja de cereal, c\u00e1\u00f1amo y yerba mate.<\/p>\n\n\n\n<p>Evaluaci\u00f3n de blanqueo al per\u00f3xido alcalino con aditivos quelantes.<\/p>\n\n\n\n<p>Estudio de la incorporaci\u00f3n de aditivos (almid\u00f3n, antraquinona, colatan, enzimas, celulosa microfibrilada) sobre pulpas y empastes papeleros.<\/p>\n\n\n\n<p>b) Caracterizaci\u00f3n f\u00edsico-mec\u00e1nica de papeles y pulpas<\/p>\n\n\n\n<p>Ensayos de CMT, Gurley, Cobb, rigidez Taber.<\/p>\n\n\n\n<p>Evaluaci\u00f3n de propiedades f\u00edsicas, mec\u00e1nicas y de barrera (resistencia, desintegrabilidad, paso de aire, vapor de agua).<\/p>\n\n\n\n<p>Determinaci\u00f3n de viscosidad intr\u00ednseca en pulpas y papeles.<\/p>\n\n\n\n<p>c) An\u00e1lisis qu\u00edmicos espec\u00edficos<\/p>\n\n\n\n<p>Composici\u00f3n qu\u00edmica de maderas, c\u00e1\u00f1amo, yerba mate, resinas, vinaza, jab\u00f3n y borra de tall-oil, ligninas, anillos de horno de cal, licores y NPE (non-process elements).<\/p>\n\n\n\n<p>Determinaci\u00f3n de AQ (antraquinona) en papeles, yerba mate y aditivos comerciales.<\/p>\n\n\n\n<p>Medici\u00f3n de contenido de lignina en tall-oil.<\/p>\n\n\n\n<p>d) Estudios ambientales y de residuos<\/p>\n\n\n\n<p>An\u00e1lisis de incrustaciones en digestores, calderas y hornos de cal.<\/p>\n\n\n\n<p>Estudios en muestras de agua y sedimentos del r\u00edo Paran\u00e1 en diferentes campa\u00f1as (PEIU).<\/p>\n\n\n\n<p>Caracterizaci\u00f3n de residuos agroindustriales (bagazo de manzana, vinaza, etc.).<\/p>\n<\/div>\n","protected":false},"excerpt":{"rendered":"<p>El PROCYP es referente a nivel nacional en diferentes temas relativos a los materiales lignocelul\u00f3sicos. Realiza apoyo a entidades y empresas de todo el pa\u00eds, incluyendo trabajos de desarrollo, servicios t\u00e9cnicos y capacitaci\u00f3n. En la \u00faltima d\u00e9cada, el PROCYP prest\u00f3 servicios principalmente a la industria papelera, forestal y qu\u00edmica. Los trabajos abarcaron desde ensayos de &hellip; <\/p>\n<p class=\"link-more\"><a href=\"https:\/\/www.procyp.unam.edu.ar\/index.php\/vinculacion-tecnologica\/\" class=\"more-link\">Leer m\u00e1s<span class=\"screen-reader-text\"> &#8220;Vinculaci\u00f3n tecnol\u00f3gica&#8221;<\/span><\/a><\/p>\n","protected":false},"author":2,"featured_media":0,"parent":0,"menu_order":0,"comment_status":"closed","ping_status":"closed","template":"","meta":{"footnotes":""},"class_list":["post-456","page","type-page","status-publish","hentry"],"featured_media_urls":[],"_links":{"self":[{"href":"https:\/\/www.procyp.unam.edu.ar\/index.php\/wp-json\/wp\/v2\/pages\/456","targetHints":{"allow":["GET"]}}],"collection":[{"href":"https:\/\/www.procyp.unam.edu.ar\/index.php\/wp-json\/wp\/v2\/pages"}],"about":[{"href":"https:\/\/www.procyp.unam.edu.ar\/index.php\/wp-json\/wp\/v2\/types\/page"}],"author":[{"embeddable":true,"href":"https:\/\/www.procyp.unam.edu.ar\/index.php\/wp-json\/wp\/v2\/users\/2"}],"replies":[{"embeddable":true,"href":"https:\/\/www.procyp.unam.edu.ar\/index.php\/wp-json\/wp\/v2\/comments?post=456"}],"version-history":[{"count":2,"href":"https:\/\/www.procyp.unam.edu.ar\/index.php\/wp-json\/wp\/v2\/pages\/456\/revisions"}],"predecessor-version":[{"id":691,"href":"https:\/\/www.procyp.unam.edu.ar\/index.php\/wp-json\/wp\/v2\/pages\/456\/revisions\/691"}],"wp:attachment":[{"href":"https:\/\/www.procyp.unam.edu.ar\/index.php\/wp-json\/wp\/v2\/media?parent=456"}],"curies":[{"name":"wp","href":"https:\/\/api.w.org\/{rel}","templated":true}]}}